{"id":18805,"date":"2016-03-23T09:40:31","date_gmt":"2016-03-23T09:40:31","guid":{"rendered":"https:\/\/www.nutriscience.ie\/about-nutriscience\/"},"modified":"2022-04-08T12:56:41","modified_gmt":"2022-04-08T11:56:41","slug":"about-nutriscience","status":"publish","type":"page","link":"https:\/\/www.nutriscience.ie\/de\/about-nutriscience\/","title":{"rendered":"\u00dcber NutriScience"},"content":{"rendered":"<h4>NutriScience \u2013 Seit \u00fcber zwei Jahrzehnten stecken Wissenschaft in Nahrungserg\u00e4nzungsmittel.<\/h4>\n<p><em>\u00dcber NutriScience<\/em>: eir sind eine preisgekr\u00f6nte Marke f\u00fcr Nahrungserg\u00e4nzungsmittel f\u00fcr Pferde mit Sitz in Waterford, Irland. NutriScience wurde 1999 von einem diplomierten Ern\u00e4hrungs- und Marketingfachmann, einem Pharmazeuten und einem Tierarzt mit Expertenwissen im Pferdesektor gegr\u00fcndet. Dieses kombinierte Wissen erm\u00f6glichte es dem Team, die NutriScience-Reihe wirksamer, bew\u00e4hrter Produkte zu entwickeln, die Pferden dabei helfen, H\u00f6chstleistungen zu erbringen und die allgemeine Gesundheit zu verbessern.<\/p>\n<p>2016 wurde die Marke NutriScience von <a title=\"Swedencare AB\" href=\"https:\/\/www.swedencare.com\/\" target=\"_blank\" rel=\"noopener noreferrer\">Swedencare AB<\/a> \u00fcbernommen und wurde Teil der international renommierten Swedencare Group. Seitdem ist das Engagement des Unternehmens f\u00fcr kontinuierliche Investitionen in Forschung und Entwicklung deutlich geworden und verf\u00fcgt nun \u00fcber eine neue hochmoderne, mehrere Millionen Euro teure, GMP B8-akkreditierte Produktionsst\u00e4tte im Herzen von Waterford, Irland. NutriScience ist sehr stolz darauf, die h\u00f6chsten Herstellungsstandards an seiner Produktionsbasis durch verschiedene Qualit\u00e4tsakkreditierungen, wie das GMP+ Feed Safety Assurance Certificate, aufrechtzuerhalten<strong>.<\/strong> Erfahren Sie <a href=\"https:\/\/www.nutriscience.ie\/de\/qualitaetsakkreditierungen\/\"><strong>hier<\/strong><\/a> mehr \u00fcber das Engagement von NutriScience f\u00fcr Produktqualit\u00e4t.<\/p>\n<p>Als Gewinner eines National Business Innovation Award und des Irish Exporter of the Year Award ist die Marke NutriScience weltweit mit einer Pr\u00e4senz in \u00fcber 15 L\u00e4ndern weltweit sichtbar. Die gesamte Produktpalette von NutriScience ist auf der Grundlage der neuesten wissenschaftlichen Forschung in der Tierern\u00e4hrung einzigartig formuliert. Das sehr erfahrene technische Team stellt die Lieferung von ausgezeichneter Produktqualit\u00e4t und Wirksamkeit zusammen mit der Einhaltung der h\u00f6chsten Standards sicher. Mit einem fokussierten, ausgew\u00e4hlten und hochwertigen Sortiment k\u00f6nnen Sie darauf vertrauen, dass NutriScience die allerbeste Ern\u00e4hrungsunterst\u00fctzung liefert, egal ob es sich um ein <a href=\"https:\/\/www.nutriscience.ie\/nutriscience-horse-supplements\/\">Hochleistungspferd<\/a> oder ein geliebtes Haustier handelt.<\/p>\n<p>Das NutriScience-Sortiment wird von Reitern auf der ganzen Welt verwendet, lesen Sie <a href=\"https:\/\/www.nutriscience.ie\/de\/nutriscience-botschafter-und-fahrer\/\"><strong>hier<\/strong><\/a> \u00fcber ihre Erfahrungen.<\/p>\n<p>&nbsp;<\/p>\n","protected":false},"excerpt":{"rendered":"<p>NutriScience \u2013 Seit \u00fcber zwei Jahrzehnten stecken Wissenschaft in Nahrungserg\u00e4nzungsmittel. \u00dcber NutriScience: eir sind eine preisgekr\u00f6nte Marke f\u00fcr Nahrungserg\u00e4nzungsmittel f\u00fcr Pferde mit Sitz in Waterford, Irland. NutriScience wurde 1999 von einem diplomierten Ern\u00e4hrungs- und Marketingfachmann, einem Pharmazeuten und einem Tierarzt mit Expertenwissen im Pferdesektor gegr\u00fcndet. Dieses kombinierte Wissen erm\u00f6glichte es dem Team, die NutriScience-Reihe wirksamer, &hellip; <a href=\"https:\/\/www.nutriscience.ie\/de\/about-nutriscience\/\">Continued<\/a><\/p>\n","protected":false},"author":81,"featured_media":18323,"parent":0,"menu_order":0,"comment_status":"closed","ping_status":"closed","template":"template-sidebar.php","meta":{"_acf_changed":false,"footnotes":""},"class_list":["post-18805","page","type-page","status-publish","has-post-thumbnail","hentry"],"acf":[],"_links":{"self":[{"href":"https:\/\/www.nutriscience.ie\/de\/wp-json\/wp\/v2\/pages\/18805","targetHints":{"allow":["GET"]}}],"collection":[{"href":"https:\/\/www.nutriscience.ie\/de\/wp-json\/wp\/v2\/pages"}],"about":[{"href":"https:\/\/www.nutriscience.ie\/de\/wp-json\/wp\/v2\/types\/page"}],"author":[{"embeddable":true,"href":"https:\/\/www.nutriscience.ie\/de\/wp-json\/wp\/v2\/users\/81"}],"replies":[{"embeddable":true,"href":"https:\/\/www.nutriscience.ie\/de\/wp-json\/wp\/v2\/comments?post=18805"}],"version-history":[{"count":1,"href":"https:\/\/www.nutriscience.ie\/de\/wp-json\/wp\/v2\/pages\/18805\/revisions"}],"predecessor-version":[{"id":18806,"href":"https:\/\/www.nutriscience.ie\/de\/wp-json\/wp\/v2\/pages\/18805\/revisions\/18806"}],"wp:featuredmedia":[{"embeddable":true,"href":"https:\/\/www.nutriscience.ie\/de\/wp-json\/wp\/v2\/media\/18323"}],"wp:attachment":[{"href":"https:\/\/www.nutriscience.ie\/de\/wp-json\/wp\/v2\/media?parent=18805"}],"curies":[{"name":"wp","href":"https:\/\/api.w.org\/{rel}","templated":true}]}}