{"id":18808,"date":"2016-03-23T09:40:45","date_gmt":"2016-03-23T09:40:45","guid":{"rendered":"https:\/\/www.nutriscience.ie\/kontakt\/"},"modified":"2022-04-08T12:23:08","modified_gmt":"2022-04-08T11:23:08","slug":"kontakt","status":"publish","type":"page","link":"https:\/\/www.nutriscience.ie\/de\/kontakt\/","title":{"rendered":"Kontakt"},"content":{"rendered":"<h3><em>Brauchen Sie Hilfe?<\/em><\/h3>\n<p>Bitte kontaktieren Sie uns, wenn Sie ein bestimmtes Produkt oder eine bestimmte Gr\u00f6\u00dfe eines Produkts ben\u00f6tigen, das nicht auf unserer Website aufgef\u00fchrt ist. Wir k\u00f6nnen Ihnen dann mitteilen, wo Sie dieses Produkt m\u00f6glicherweise kaufen k\u00f6nnen.<\/p>\n<p>&nbsp;<\/p>\n<p>F\u00fcr allgemeine Anfragen rufen Sie bitte <a href=\"callto:\">+353 (0)51 304 010<\/a> an<\/p>\n<p>E-Mail <a href=\"mailto:info@swedencareireland.com\">info@swedencareireland.com<\/a><\/p>\n<p>&nbsp;<\/p>\n<p>F\u00fcr N\u00e4hrwertanfragen oder um Ihren n\u00e4chsten Fachh\u00e4ndler zu finden<\/p>\n<p>Padge Whelan, europ\u00e4ischer Vertriebsleiter von NutriScience, <a href=\"tel:\/\/+353%2085%208621513\">+353 85 8621513<\/a><\/p>\n<p>E-Mail <a href=\"mailto:padge.whelan@swedencareireland.com\">padge.whelan@swedencareireland.com<\/a><\/p>\n<p>&nbsp;<\/p>\n<div class=\"row\">\n<div class=\"col-md-6\">[ninja_form id=&#8220;1&#8243;]<\/div>\n<div class=\"col-md-6\"><iframe loading=\"lazy\" style=\"border: 0;\" src=\"https:\/\/www.google.com\/maps\/embed?pb=!1m18!1m12!1m3!1d2442.199110992454!2d-7.149293048083287!3d52.25792926327017!2m3!1f0!2f0!3f0!3m2!1i1024!2i768!4f13.1!3m3!1m2!1s0x4842c4472433906f%3A0xa052cd2912f8143a!2sNutriScience+Ltd!5e0!3m2!1sen!2sie!4v1464689414611\" width=\"100%\" height=\"450\" frameborder=\"0\" allowfullscreen=\"allowfullscreen\"><\/iframe><\/div>\n<\/div>\n","protected":false},"excerpt":{"rendered":"<p>Brauchen Sie Hilfe? Bitte kontaktieren Sie uns, wenn Sie ein bestimmtes Produkt oder eine bestimmte Gr\u00f6\u00dfe eines Produkts ben\u00f6tigen, das nicht auf unserer Website aufgef\u00fchrt ist. Wir k\u00f6nnen Ihnen dann mitteilen, wo Sie dieses Produkt m\u00f6glicherweise kaufen k\u00f6nnen. &nbsp; F\u00fcr allgemeine Anfragen rufen Sie bitte +353 (0)51 304 010 an E-Mail info@swedencareireland.com &nbsp; F\u00fcr N\u00e4hrwertanfragen &hellip; <a href=\"https:\/\/www.nutriscience.ie\/de\/kontakt\/\">Continued<\/a><\/p>\n","protected":false},"author":81,"featured_media":0,"parent":0,"menu_order":0,"comment_status":"closed","ping_status":"closed","template":"template-sidebar.php","meta":{"_acf_changed":false,"footnotes":""},"class_list":["post-18808","page","type-page","status-publish","hentry"],"acf":[],"_links":{"self":[{"href":"https:\/\/www.nutriscience.ie\/de\/wp-json\/wp\/v2\/pages\/18808","targetHints":{"allow":["GET"]}}],"collection":[{"href":"https:\/\/www.nutriscience.ie\/de\/wp-json\/wp\/v2\/pages"}],"about":[{"href":"https:\/\/www.nutriscience.ie\/de\/wp-json\/wp\/v2\/types\/page"}],"author":[{"embeddable":true,"href":"https:\/\/www.nutriscience.ie\/de\/wp-json\/wp\/v2\/users\/81"}],"replies":[{"embeddable":true,"href":"https:\/\/www.nutriscience.ie\/de\/wp-json\/wp\/v2\/comments?post=18808"}],"version-history":[{"count":1,"href":"https:\/\/www.nutriscience.ie\/de\/wp-json\/wp\/v2\/pages\/18808\/revisions"}],"predecessor-version":[{"id":18857,"href":"https:\/\/www.nutriscience.ie\/de\/wp-json\/wp\/v2\/pages\/18808\/revisions\/18857"}],"wp:attachment":[{"href":"https:\/\/www.nutriscience.ie\/de\/wp-json\/wp\/v2\/media?parent=18808"}],"curies":[{"name":"wp","href":"https:\/\/api.w.org\/{rel}","templated":true}]}}