{"id":18823,"date":"2016-03-23T12:34:26","date_gmt":"2016-03-23T12:34:26","guid":{"rendered":"https:\/\/www.nutriscience.ie\/privatsphaere\/"},"modified":"2016-03-23T12:34:26","modified_gmt":"2016-03-23T12:34:26","slug":"privatsphaere","status":"publish","type":"page","link":"https:\/\/www.nutriscience.ie\/de\/privatsphaere\/","title":{"rendered":"Privatsph\u00e4re"},"content":{"rendered":"<h2>Privatsph\u00e4re<\/h2>\n<p>Wenn Sie \u00fcber unsere Website eine Bestellung aufgeben, werden Ihre Daten \u00fcber eine sichere Serververbindung \u00fcbertragen. Dies gew\u00e4hrleistet die absolute Sicherheit Ihrer pers\u00f6nlichen Daten. Der sichere Server verschl\u00fcsselt Ihre Daten, wodurch es praktisch unm\u00f6glich ist, Ihre Informationen aus der Bestellung abzufangen. \u00dcber diese Website \u00fcbermittelte Formulare verwenden keine Tracking-Technologie. Die \u00fcbermittelten Daten werden ausschlie\u00dflich zur Bearbeitung einer erbetenen Bestellung oder zur Zusendung einer Brosch\u00fcre verwendet. Die \u00fcbermittelten Daten werden nicht an Dritte oder Organisationen weitergegeben.<\/p>\n","protected":false},"excerpt":{"rendered":"<p>Privatsph\u00e4re Wenn Sie \u00fcber unsere Website eine Bestellung aufgeben, werden Ihre Daten \u00fcber eine sichere Serververbindung \u00fcbertragen. Dies gew\u00e4hrleistet die absolute Sicherheit Ihrer pers\u00f6nlichen Daten. Der sichere Server verschl\u00fcsselt Ihre Daten, wodurch es praktisch unm\u00f6glich ist, Ihre Informationen aus der Bestellung abzufangen. \u00dcber diese Website \u00fcbermittelte Formulare verwenden keine Tracking-Technologie. Die \u00fcbermittelten Daten werden ausschlie\u00dflich &hellip; <a href=\"https:\/\/www.nutriscience.ie\/de\/privatsphaere\/\">Continued<\/a><\/p>\n","protected":false},"author":81,"featured_media":0,"parent":0,"menu_order":0,"comment_status":"closed","ping_status":"closed","template":"template-custom.php","meta":{"_acf_changed":false,"footnotes":""},"class_list":["post-18823","page","type-page","status-publish","hentry"],"acf":[],"_links":{"self":[{"href":"https:\/\/www.nutriscience.ie\/de\/wp-json\/wp\/v2\/pages\/18823","targetHints":{"allow":["GET"]}}],"collection":[{"href":"https:\/\/www.nutriscience.ie\/de\/wp-json\/wp\/v2\/pages"}],"about":[{"href":"https:\/\/www.nutriscience.ie\/de\/wp-json\/wp\/v2\/types\/page"}],"author":[{"embeddable":true,"href":"https:\/\/www.nutriscience.ie\/de\/wp-json\/wp\/v2\/users\/81"}],"replies":[{"embeddable":true,"href":"https:\/\/www.nutriscience.ie\/de\/wp-json\/wp\/v2\/comments?post=18823"}],"version-history":[{"count":0,"href":"https:\/\/www.nutriscience.ie\/de\/wp-json\/wp\/v2\/pages\/18823\/revisions"}],"wp:attachment":[{"href":"https:\/\/www.nutriscience.ie\/de\/wp-json\/wp\/v2\/media?parent=18823"}],"curies":[{"name":"wp","href":"https:\/\/api.w.org\/{rel}","templated":true}]}}