{"id":18824,"date":"2016-03-23T12:34:40","date_gmt":"2016-03-23T12:34:40","guid":{"rendered":"https:\/\/www.nutriscience.ie\/geschaeftsbedingungen\/"},"modified":"2022-04-08T12:50:44","modified_gmt":"2022-04-08T11:50:44","slug":"geschaeftsbedingungen","status":"publish","type":"page","link":"https:\/\/www.nutriscience.ie\/de\/geschaeftsbedingungen\/","title":{"rendered":"Gesch\u00e4ftsbedingungen"},"content":{"rendered":"<h3>Gesch\u00e4ftsbedingungen<\/h3>\n<p>&nbsp;<\/p>\n<p><strong>BESTELLUNG<\/strong><\/p>\n<p>Kunden werden darauf hingewiesen, dass diese Website im Einklang mit dem funktioniert <a href=\"https:\/\/eur-lex.europa.eu\/legal-content\/EN\/TXT\/?uri=celex%3A32011L0083\">Consumer Rights Directive 2011\/83\/EU (CRD)<\/a> in Bezug auf Online-Verkaufsverfahren. <strong>Bitte beachten Sie, dass jetzt EU-l\u00e4nderspezifische MwSt.-Geb\u00fchren anfallen und dies an der Kasse mitgeteilt wird. <\/strong> Unser oberstes Ziel ist es, die Sicherheit des Kunden in Bezug auf die sichere Verwendung von Produkten zu gew\u00e4hrleisten. Unsere Mitarbeiter behalten sich das Recht vor, Bestellungen abzulehnen, die ihrer Meinung nach diesen Kriterien nicht entsprechen oder deren Umfang oder Missbrauchsf\u00e4higkeit unsicher sind. Detaillierte Anleitungen zur sachgerechten Anwendung aller Produkte sind erh\u00e4ltlich <a href=\"https:\/\/www.nutriscience.ie\/de\/produkt-kategorie\/erganzungsmittel-fur-pferde\/\">online<\/a>. Das Unternehmen kann nicht f\u00fcr unsachgem\u00e4\u00dfen Gebrauch oder Missbrauch der gelieferten Produkte verantwortlich gemacht werden.<\/p>\n<p><strong>ZAHLUNG<\/strong><\/p>\n<p>Mit der Bestellung erkennt der Kunde ausdr\u00fccklich eine Zahlungsverpflichtung an. Unser Zahlungsgateway ist so konzipiert, dass Ihre Kreditkartendaten niemals auf unserer Website eingegeben werden, sie werden bei Paypal verarbeitet.<a href=\"https:\/\/stripe.com\/about\">Stripe<\/a>, die die neuesten Verschl\u00fcsselungsmethoden verwendet, um die Sicherheit der Zahlung zu gew\u00e4hrleisten. Wir sehen Ihre Kreditkartendaten nicht, wenn Sie online bestellen, da alle Transaktionen von durchgef\u00fchrt werden Paypal\/<a href=\"https:\/\/stripe.com\/about\">Stripe<\/a>. Wir speichern keine Kreditkartendaten, daher m\u00fcssen Sie f\u00fcr Erg\u00e4nzungen zu bereits get\u00e4tigten Bestellungen eine neue, separate Bestellung aufgeben. <em>Hinweis: Die Ware bleibt bis zur vollst\u00e4ndigen Bezahlung Eigentum des Unternehmens.<\/em><\/p>\n<p><strong>VERSAND &amp; LIEFERUNG<\/strong><\/p>\n<p>Das Folgende sind Sch\u00e4tzungen der Versand- und Lieferkosten zum Zeitpunkt der Ver\u00f6ffentlichung der Allgemeinen Gesch\u00e4ftsbedingungen und diese k\u00f6nnen sich \u00e4ndern. Vollst\u00e4ndige Angaben zu Versand- und Lieferkosten werden zum Zeitpunkt der Bestellung mitgeteilt und best\u00e4tigt.<\/p>\n<p>Versandkosten f\u00fcr Irland; Bestellungen vorbei \u20ac60 = <em>Gratisversand<\/em> Bestellungen unter \u20ac60 = <em>\u20ac6.00<\/em><\/p>\n<p>Versandkosten f\u00fcr das Vereinigte K\u00f6nigreich und Europa; Bestellungen vorbei \u20ac110 = <em>Gratisversand<\/em> Bestellungen unter \u20ac110 = <em>\u20ac15.00<\/em><\/p>\n<p>Versandkosten f\u00fcr den Rest der Welt; Bestellungen vorbei \u20ac200 = <em>Gratisversand<\/em>. Bestellungen unter \u20ac200 = <em>\u20ac20.00<\/em><\/p>\n<p>Bitte beachten Sie, dass m\u00f6glicherweise Transportgeb\u00fchren f\u00fcr bestimmte Gewichte anfallen, diese jedoch an der Kasse angegeben werden.<\/p>\n<p>Versand: \u00dcber 90 Prozent der Bestellungen werden innerhalb von 48 Stunden nach Aufgabe verpackt und versandt.<\/p>\n<p>Die Lieferzeiten richten sich nach den normalen Lieferzeiten. Es ist wichtig zu beachten, dass Bestellungen nur von Montag bis Freitag versandt werden k\u00f6nnen. Im Normalfall ist mit einer Lieferzeit von 3-14 Werktagen zu rechnen, jedoch eher nicht mit mehr als 30 Tagen. Sollte die Lieferung l\u00e4nger als 30 Tage dauern, werden wir uns mit Ihnen in Verbindung setzen. Aufgrund des Zolls in S\u00fcdamerika und Australien kann die Lieferzeit bis zu einem Monat oder l\u00e4nger betragen. Im Laufe des Jahres kann es vorkommen, dass sich die Lieferung aufgrund von Feiertagen verz\u00f6gert. <em>Hinweis: Das Unternehmen beh\u00e4lt sich das Recht vor, die Bef\u00f6rderungsgeb\u00fchren entsprechend den Kuriergeb\u00fchren in bestimmte Gerichtsbarkeiten zu erh\u00f6hen.<\/em><\/p>\n<p><strong>PRIVATSPH\u00c4RE &amp; SICHERHEIT<\/strong><\/p>\n<p>Wenn Sie der Weitergabe Ihrer Daten zustimmen (\u00fcber Cookies\/Akzeptanz der AGB beim Kauf), zeichnet unser Webserver Ihren Besuch auf und protokolliert die folgenden Informationen zu statistischen Zwecken: die Serveradresse des Benutzers; der Top-Level-Domainname des Benutzers (z. B. .com, .gov, .au, .uk usw.); Datum und Uhrzeit des Besuchs der Website; die aufgerufenen Seiten; die heruntergeladenen Dokumente; die verweisende Seite; und die Art des verwendeten Browsers. Es wird kein Versuch unternommen, Benutzer oder ihre Browsing-Aktivit\u00e4ten zu identifizieren, au\u00dfer in dem unwahrscheinlichen Fall einer Untersuchung, bei der eine Strafverfolgungsbeh\u00f6rde einen Befehl zur Einsichtnahme in die Protokolle des Webservers aus\u00fcben kann.<\/p>\n<p><strong>R\u00dcCKSENDUNGEN, STORNIERUNGEN &amp; REKLAMATIONEN<\/strong><\/p>\n<p>R\u00fccksendungen k\u00f6nnen gem\u00e4\u00df den Online-Verkaufsbestimmungen erleichtert werden. Daher hat ein Kunde ab Lieferdatum 14 Kalendertage Zeit, um die Ware zur\u00fcckzusenden (\u201eWiderrufsfrist\u201c). Wir akzeptieren nur eine schriftliche Benachrichtigung \u00fcber eine R\u00fccksendung per E-Mail an: <a href=\"mailto:customercare@swedencareireland.com\">customercare@swedencareireland.com<\/a> Alle Kosten f\u00fcr die R\u00fccksendung der Bestellung gehen zu Lasten des Kunden. Das Unternehmen hat nach eigenem Ermessen das Recht, schriftlich zuzustimmen, dass es einen Teil oder die gesamte Bestellung zur\u00fccknimmt, wenn die zur\u00fcckgegebenen Waren bewertet werden, sobald sie beim Unternehmen eingegangen sind. Das Unternehmen bietet eine Gutschrift\/R\u00fcckerstattung f\u00fcr die Ware innerhalb von 14 Tagen ab dem Datum des Erhalts einer zur\u00fcckgegebenen Ware an, sofern die Ware im Originalzustand zur\u00fcckgegeben wird. <em>Im Falle einer Minderlieferung\/Besch\u00e4digung der vom Kunden erhaltenen Ware muss uns eine Anzeige innerhalb von 3 Tagen nach Erhalt zugesandt werden, andernfalls k\u00f6nnen solche Anspr\u00fcche nicht geltend gemacht werden.<\/em><\/p>\n<p>In Bezug auf Auftragsstornierungen haben Sie das Recht, Ihre Bestellung innerhalb von 14 Tagen ab dem Datum der Bestellung zu stornieren. Bitte mailen Sie uns an <a href=\"mailto:customercare@swedencareireland.com\">customercare@swedencareireland.com<\/a> so schnell wie m\u00f6glich und wir werden uns bem\u00fchen, Ihre Bestellung vor dem Versand zu stornieren. Bitte beachten Sie, dass Bestellungen in den meisten F\u00e4llen am n\u00e4chsten Werktag versandt werden. Versandte Bestellungen k\u00f6nnen nicht zur\u00fcckgerufen werden und m\u00fcssen auf Kosten des Kunden zur\u00fcckgeschickt werden. Sobald sich die Verpackung im Originalzustand befindet, erfolgt eine vollst\u00e4ndige R\u00fcckerstattung abz\u00fcglich der Versandkosten innerhalb von 14 Tagen nach Stornierung der Bestellung und vorbehaltlich der R\u00fccksendung der Ware, falls der Versand bereits erfolgt ist, im Originalzustand.<\/p>\n<p>Bei Produktreklamationen senden Sie bitte eine E-Mail <a href=\"mailto:customercare@swedencareireland.com\">customercare@swedencareireland.com<\/a> eine detaillierte Darstellung der Beschwerde. Jede Beschwerde wird von Fall zu Fall behandelt. Das Unternehmen hat nach eigenem Ermessen das Recht, nach Pr\u00fcfung der Reklamation oder der zur\u00fcckgesandten Ware schriftlich zuzustimmen, dass es die Bestellung ganz oder teilweise zur\u00fccknimmt. Das Unternehmen kann nach eigenem Ermessen eine Gutschrift f\u00fcr die Ware innerhalb von 14 Tagen anbieten, sofern die Ware im Originalzustand zur\u00fcckgegeben wird.<\/p>\n<p><strong>HAFTUNGSAUSSCHLUSS<\/strong><\/p>\n<p>Es werden alle Anstrengungen unternommen, um die Liste der auf dieser Website angegebenen Produkte und Preise zu pflegen, jedoch ist dies nicht immer m\u00f6glich, um Lieferungen oder Preise zu garantieren. Wir behalten uns daher das Recht vor, die aufgef\u00fchrten Artikel einzustellen und die Preise bei Bedarf zu \u00e4ndern. Die angezeigten Preise enthalten gegebenenfalls die gesetzliche Mehrwertsteuer. Die Informationen auf dieser Website stellen keine professionelle Beratung dar und ersetzen weder eine tier\u00e4rztliche Beratung noch eine medizinische Diagnose bez\u00fcglich des Zustands eines Tieres.<\/p>\n<p><strong>GELTENDE GERICHTSBARKEIT<\/strong><\/p>\n<p>Die Allgemeinen Gesch\u00e4ftsbedingungen werden in allen Aspekten in \u00dcbereinstimmung mit den Gesetzen der Republik Irland geregelt und ausgelegt. Diese Allgemeinen Gesch\u00e4ftsbedingungen beeintr\u00e4chtigen nicht Ihre gesetzlichen Rechte oder Anspr\u00fcche als Verbraucher EU Regulations and the Sale of Goods and Supply of Services Act 1980.<\/p>\n","protected":false},"excerpt":{"rendered":"<p>Gesch\u00e4ftsbedingungen &nbsp; BESTELLUNG Kunden werden darauf hingewiesen, dass diese Website im Einklang mit dem funktioniert Consumer Rights Directive 2011\/83\/EU (CRD) in Bezug auf Online-Verkaufsverfahren. Bitte beachten Sie, dass jetzt EU-l\u00e4nderspezifische MwSt.-Geb\u00fchren anfallen und dies an der Kasse mitgeteilt wird. Unser oberstes Ziel ist es, die Sicherheit des Kunden in Bezug auf die sichere Verwendung von &hellip; <a href=\"https:\/\/www.nutriscience.ie\/de\/geschaeftsbedingungen\/\">Continued<\/a><\/p>\n","protected":false},"author":81,"featured_media":0,"parent":0,"menu_order":0,"comment_status":"closed","ping_status":"closed","template":"","meta":{"_acf_changed":false,"footnotes":""},"class_list":["post-18824","page","type-page","status-publish","hentry"],"acf":[],"_links":{"self":[{"href":"https:\/\/www.nutriscience.ie\/de\/wp-json\/wp\/v2\/pages\/18824","targetHints":{"allow":["GET"]}}],"collection":[{"href":"https:\/\/www.nutriscience.ie\/de\/wp-json\/wp\/v2\/pages"}],"about":[{"href":"https:\/\/www.nutriscience.ie\/de\/wp-json\/wp\/v2\/types\/page"}],"author":[{"embeddable":true,"href":"https:\/\/www.nutriscience.ie\/de\/wp-json\/wp\/v2\/users\/81"}],"replies":[{"embeddable":true,"href":"https:\/\/www.nutriscience.ie\/de\/wp-json\/wp\/v2\/comments?post=18824"}],"version-history":[{"count":1,"href":"https:\/\/www.nutriscience.ie\/de\/wp-json\/wp\/v2\/pages\/18824\/revisions"}],"predecessor-version":[{"id":18885,"href":"https:\/\/www.nutriscience.ie\/de\/wp-json\/wp\/v2\/pages\/18824\/revisions\/18885"}],"wp:attachment":[{"href":"https:\/\/www.nutriscience.ie\/de\/wp-json\/wp\/v2\/media?parent=18824"}],"curies":[{"name":"wp","href":"https:\/\/api.w.org\/{rel}","templated":true}]}}