{"id":18840,"date":"2016-04-25T17:19:02","date_gmt":"2016-04-25T16:19:02","guid":{"rendered":"https:\/\/www.nutriscience.ie\/gastro-care\/"},"modified":"2022-03-31T17:40:20","modified_gmt":"2022-03-31T16:40:20","slug":"gastro-care","status":"publish","type":"page","link":"https:\/\/www.nutriscience.ie\/de\/gastro-care\/","title":{"rendered":"Gastro Care"},"content":{"rendered":"<h3>Gastro Care Magengesundheitserg\u00e4nzung f\u00fcr Pferde<\/h3>\n<p>Gastro Care ist ein wissenschaftlich formuliertes Nahrungserg\u00e4nzungsmittel, das entwickelt wurde, um einen facettenreichen Ansatz f\u00fcr die Gesundheit des Magen-Darm-Trakts zu verfolgen. Pferde sind nat\u00fcrliche Grasfresser und k\u00f6nnen bis zu 18 Stunden pro Tag auf der Weide verbringen. Dies bewirkt die kontinuierliche Produktion von Magens\u00e4ure. Das st\u00e4ndige Fressen sollte gen\u00fcgend Speichel produzieren, um diese S\u00e4ure auszugleichen. GastroCare Gastric Horse Supplement hilft, Magens\u00e4ure zu neutralisieren. Jede Einnahme bietet ungef\u00e4hr sechs Stunden Aktivit\u00e4t.<\/p>\n<p><a title=\"Lesen Sie mehr \u00fcber Gastro Care, ein Nahrungserg\u00e4nzungsmittel, das hilft, Magens\u00e4ure zu neutralisieren\" href=\"https:\/\/www.nutriscience.ie\/de\/produkt\/gastrocare-gastric-horse-supplement\/\">Weiterlesen<\/a><\/p>\n","protected":false},"excerpt":{"rendered":"<p>Gastro Care Magengesundheitserg\u00e4nzung f\u00fcr Pferde Gastro Care ist ein wissenschaftlich formuliertes Nahrungserg\u00e4nzungsmittel, das entwickelt wurde, um einen facettenreichen Ansatz f\u00fcr die Gesundheit des Magen-Darm-Trakts zu verfolgen. Pferde sind nat\u00fcrliche Grasfresser und k\u00f6nnen bis zu 18 Stunden pro Tag auf der Weide verbringen. Dies bewirkt die kontinuierliche Produktion von Magens\u00e4ure. Das st\u00e4ndige Fressen sollte gen\u00fcgend Speichel &hellip; <a href=\"https:\/\/www.nutriscience.ie\/de\/gastro-care\/\">Continued<\/a><\/p>\n","protected":false},"author":81,"featured_media":18619,"parent":0,"menu_order":0,"comment_status":"closed","ping_status":"closed","template":"","meta":{"_acf_changed":false,"footnotes":""},"class_list":["post-18840","page","type-page","status-publish","has-post-thumbnail","hentry"],"acf":[],"_links":{"self":[{"href":"https:\/\/www.nutriscience.ie\/de\/wp-json\/wp\/v2\/pages\/18840","targetHints":{"allow":["GET"]}}],"collection":[{"href":"https:\/\/www.nutriscience.ie\/de\/wp-json\/wp\/v2\/pages"}],"about":[{"href":"https:\/\/www.nutriscience.ie\/de\/wp-json\/wp\/v2\/types\/page"}],"author":[{"embeddable":true,"href":"https:\/\/www.nutriscience.ie\/de\/wp-json\/wp\/v2\/users\/81"}],"replies":[{"embeddable":true,"href":"https:\/\/www.nutriscience.ie\/de\/wp-json\/wp\/v2\/comments?post=18840"}],"version-history":[{"count":1,"href":"https:\/\/www.nutriscience.ie\/de\/wp-json\/wp\/v2\/pages\/18840\/revisions"}],"predecessor-version":[{"id":18841,"href":"https:\/\/www.nutriscience.ie\/de\/wp-json\/wp\/v2\/pages\/18840\/revisions\/18841"}],"wp:featuredmedia":[{"embeddable":true,"href":"https:\/\/www.nutriscience.ie\/de\/wp-json\/wp\/v2\/media\/18619"}],"wp:attachment":[{"href":"https:\/\/www.nutriscience.ie\/de\/wp-json\/wp\/v2\/media?parent=18840"}],"curies":[{"name":"wp","href":"https:\/\/api.w.org\/{rel}","templated":true}]}}