{"id":18765,"date":"2016-04-13T09:33:17","date_gmt":"2016-04-13T08:33:17","guid":{"rendered":"https:\/\/www.nutriscience.ie\/product\/muscleaid-horse-supplement\/"},"modified":"2026-05-05T04:21:11","modified_gmt":"2026-05-05T03:21:11","slug":"muscleaid-horse-supplement","status":"publish","type":"product","link":"https:\/\/www.nutriscience.ie\/de\/produkt\/muscleaid-horse-supplement\/","title":{"rendered":"MuscleAid Horse Supplement"},"content":{"rendered":"<p>Es ist eine unvermeidliche Tatsache, dass intensives Training von Pferden und Ponys Muskelabbau verursacht. Je schwerer der Muskelabbau ist, desto l\u00e4nger dauert es, sich zu erholen und an weiteren \u00dcbungen teilzunehmen, und folglich brauchen die Muskeln l\u00e4nger, um sich wieder zu entwickeln. Auch die nachtr\u00e4gliche Schwerg\u00e4ngigkeit kann zu Leistungseinbu\u00dfen f\u00fchren.<\/p>\n<p>Konsequenter Muskelaufbau steigert die Leistungsf\u00e4higkeit des Tieres und sorgt f\u00fcr eine optimale Energienutzung.<\/p>\n<p><strong>Muscle Aid ist ein wissenschaftlich formuliertes Nahrungserg\u00e4nzungsmittel, das von NutriScience entwickelt wurde, um die Leistung des Pferdes zu maximieren, Muskeln aufzubauen, die Ausdauer zu steigern, K\u00f6rperfett zu reduzieren und die Erholungszeit zu verk\u00fcrzen.<\/strong><\/p>\n<p><strong>Wie Muscle Aid funktioniert:<\/strong><\/p>\n<ul>\n<li>Muscle Aid kann trainierten Muskeln helfen, besser und leistungsf\u00e4higer zu werden<\/li>\n<li>Muscle Aid kann sich positiv auf die Produktion roter Blutk\u00f6rperchen auswirken<\/li>\n<li>Muscle Aid kann die Ausdauer f\u00f6rdern, indem es f\u00fcr das richtige Gleichgewicht zwischen den beiden Hauptenergiequellen Kohlenhydrate und Fett sorgt<\/li>\n<li>Muscle Aid enth\u00e4lt ein Derivat von Leucin namens Beta-Hydroxy-Beta-Methylbutyrat (HM\u03b2). Studien zeigen, dass eine erg\u00e4nzte Ern\u00e4hrung die Leistung maximieren kann, indem sie die aerobe Kapazit\u00e4t bei Pferdesportlern erh\u00f6ht<\/li>\n<li>Konditionierung und Training sind darauf ausgelegt, die Muskelentwicklung und Ausdauer des Pferdes zu steigern. Allerdings kann intensives Training auch Muskelsch\u00e4den verursachen. Muscle Aid kann dazu beitragen, die Erholungszeiten nach dem Training zu verk\u00fcrzen, indem es die durch das Training verursachte Proteolyse (Muskelsch\u00e4den) verhindert. Dies kann dazu beitragen, ein intensiveres Training und h\u00e4ufigere Wettk\u00e4mpfe zu erm\u00f6glichen<\/li>\n<li>Muscle Aid ceine Hilfe, die Muskelmasse bei Pferden zu erh\u00f6hen, insbesondere wenn es w\u00e4hrend des Trainings verwendet wird, was zu einer signifikanten Verbesserung der Kraft f\u00fchrt<\/li>\n<\/ul>\n","protected":false},"excerpt":{"rendered":"<p><strong>MuscleAid<\/strong> ist wissenschaftlich formuliert, um die Leistung des Pferdes zu maximieren.<\/p>\n","protected":false},"featured_media":18626,"comment_status":"open","ping_status":"closed","template":"","meta":{"_acf_changed":false},"product_brand":[],"product_cat":[235,243],"product_tag":[318],"class_list":{"0":"post-18765","1":"product","2":"type-product","3":"status-publish","4":"has-post-thumbnail","6":"product_cat-erganzungsmittel-fur-pferde","7":"product_cat-muskelpflege","8":"product_tag-muskelpflege-pferd","10":"first","11":"instock","12":"sale","13":"taxable","14":"shipping-taxable","15":"purchasable","16":"product-type-variable","17":"has-default-attributes"},"acf":[],"_links":{"self":[{"href":"https:\/\/www.nutriscience.ie\/de\/wp-json\/wp\/v2\/product\/18765","targetHints":{"allow":["GET"]}}],"collection":[{"href":"https:\/\/www.nutriscience.ie\/de\/wp-json\/wp\/v2\/product"}],"about":[{"href":"https:\/\/www.nutriscience.ie\/de\/wp-json\/wp\/v2\/types\/product"}],"replies":[{"embeddable":true,"href":"https:\/\/www.nutriscience.ie\/de\/wp-json\/wp\/v2\/comments?post=18765"}],"wp:featuredmedia":[{"embeddable":true,"href":"https:\/\/www.nutriscience.ie\/de\/wp-json\/wp\/v2\/media\/18626"}],"wp:attachment":[{"href":"https:\/\/www.nutriscience.ie\/de\/wp-json\/wp\/v2\/media?parent=18765"}],"wp:term":[{"taxonomy":"product_brand","embeddable":true,"href":"https:\/\/www.nutriscience.ie\/de\/wp-json\/wp\/v2\/product_brand?post=18765"},{"taxonomy":"product_cat","embeddable":true,"href":"https:\/\/www.nutriscience.ie\/de\/wp-json\/wp\/v2\/product_cat?post=18765"},{"taxonomy":"product_tag","embeddable":true,"href":"https:\/\/www.nutriscience.ie\/de\/wp-json\/wp\/v2\/product_tag?post=18765"}],"curies":[{"name":"wp","href":"https:\/\/api.w.org\/{rel}","templated":true}]}}