{"id":18767,"date":"2016-04-12T17:17:03","date_gmt":"2016-04-12T16:17:03","guid":{"rendered":"https:\/\/www.nutriscience.ie\/product\/nutrilyte-horse-electrolyte-replacement-supplement\/"},"modified":"2026-05-11T04:51:16","modified_gmt":"2026-05-11T03:51:16","slug":"nutrilyte-horse-electrolyte-replacement","status":"publish","type":"product","link":"https:\/\/www.nutriscience.ie\/de\/produkt\/nutrilyte-horse-electrolyte-replacement\/","title":{"rendered":"NutriLyte Horse Electrolyte Replacement Supplement"},"content":{"rendered":"<p>Elektrolyte sind sowohl f\u00fcr Pferde als auch f\u00fcr Menschen lebensnotwendig. Auf ihrer grundlegendsten Ebene sind Elektrolyte eine Kombination aus Salzen und Mineralien, die f\u00fcr chemische Prozesse in den K\u00f6rperzellen verwendet werden. Wenn ein Pferd nach anstrengendem Training oder Hitzeeinwirkung dehydriert ist, hat es wichtige Fl\u00fcssigkeiten und Elektrolyte verloren. Die blo\u00dfe Bereitstellung von Wasser ist unzureichend, da dies allein die Elektrolyte nicht ersetzt. Es kann sie tats\u00e4chlich verd\u00fcnnen, was zu einer \u00dcberw\u00e4sserung f\u00fchrt. Das Pferd muss mit Elektrolyten versorgt und anschlie\u00dfend mit einer ausreichenden Wasserversorgung versorgt werden.<\/p>\n<p>NutriLyte Equine Electrolyte Supplement enth\u00e4lt Natriumchlorid und Kalium im gleichen Verh\u00e4ltnis wie im Schwei\u00df verloren geht. Da NutriLyte leicht aufnehmbare Kohlenhydrate enth\u00e4lt, ersetzt es die Energie viel schneller und kann daher w\u00e4hrend und unmittelbar nach dem Training verwendet werden.<\/p>\n<p>NutriLyte kann bei der schnellen Wiederherstellung der Energie, der Leistungssteigerung bei Hitze und der Verringerung der Entkr\u00e4ftung w\u00e4hrend des Transports helfen.<strong> <\/strong><\/p>\n<p><strong> Sorgen Sie bei der Verabreichung von NutriLyte immer f\u00fcr freien Zugang zu Wasser.<\/strong><\/p>\n","protected":false},"excerpt":{"rendered":"<p><strong>NutriLyte<\/strong> ersetzt schnell Energie und kann w\u00e4hrend und unmittelbar nach dem Training verwendet werden.<\/p>\n","protected":false},"featured_media":18627,"comment_status":"open","ping_status":"closed","template":"","meta":{"_acf_changed":false},"product_brand":[],"product_cat":[239,235],"product_tag":[303],"class_list":{"0":"post-18767","1":"product","2":"type-product","3":"status-publish","4":"has-post-thumbnail","6":"product_cat-elektrolytzusatze","7":"product_cat-erganzungsmittel-fur-pferde","8":"product_tag-elektrolytzusatze-pferde","10":"first","11":"instock","12":"taxable","13":"shipping-taxable","14":"purchasable","15":"product-type-variable"},"acf":[],"_links":{"self":[{"href":"https:\/\/www.nutriscience.ie\/de\/wp-json\/wp\/v2\/product\/18767","targetHints":{"allow":["GET"]}}],"collection":[{"href":"https:\/\/www.nutriscience.ie\/de\/wp-json\/wp\/v2\/product"}],"about":[{"href":"https:\/\/www.nutriscience.ie\/de\/wp-json\/wp\/v2\/types\/product"}],"replies":[{"embeddable":true,"href":"https:\/\/www.nutriscience.ie\/de\/wp-json\/wp\/v2\/comments?post=18767"}],"wp:featuredmedia":[{"embeddable":true,"href":"https:\/\/www.nutriscience.ie\/de\/wp-json\/wp\/v2\/media\/18627"}],"wp:attachment":[{"href":"https:\/\/www.nutriscience.ie\/de\/wp-json\/wp\/v2\/media?parent=18767"}],"wp:term":[{"taxonomy":"product_brand","embeddable":true,"href":"https:\/\/www.nutriscience.ie\/de\/wp-json\/wp\/v2\/product_brand?post=18767"},{"taxonomy":"product_cat","embeddable":true,"href":"https:\/\/www.nutriscience.ie\/de\/wp-json\/wp\/v2\/product_cat?post=18767"},{"taxonomy":"product_tag","embeddable":true,"href":"https:\/\/www.nutriscience.ie\/de\/wp-json\/wp\/v2\/product_tag?post=18767"}],"curies":[{"name":"wp","href":"https:\/\/api.w.org\/{rel}","templated":true}]}}