{"id":18770,"date":"2016-04-12T16:53:02","date_gmt":"2016-04-12T15:53:02","guid":{"rendered":"https:\/\/www.nutriscience.ie\/product\/equine-gold-digestive-supplement\/"},"modified":"2022-04-11T16:31:19","modified_gmt":"2022-04-11T15:31:19","slug":"equine-gold-digestive-supplement","status":"publish","type":"product","link":"https:\/\/www.nutriscience.ie\/de\/produkt\/equine-gold-digestive-supplement\/","title":{"rendered":"Equine Gold Digestive Supplement"},"content":{"rendered":"<p>Equine Gold ist ein pr\u00e4- und probiotisches Nahrungserg\u00e4nzungsmittel, das eine lebende Hefe-Saccharomyces-Cerevisiae-Formulierung enth\u00e4lt. Equine Gold Enth\u00e4lt eine ausgewogene Kombination aus Mannanoligosaccharid (MOS) und Beta-Glucanen zur Unterst\u00fctzung der Darmgesundheit.<\/p>\n<p>&nbsp;<\/p>\n<p><strong>Saccharomyces Cerevisiae<\/strong> kann helfen, die N\u00e4hrstoffverdaulichkeit zu erh\u00f6hen, indem es hilft, die Aktivit\u00e4t von ballaststoffverdauenden Bakterien im Hinterdarm zu steigern, was zu einer erh\u00f6hten Faserverdauung und einer effizienteren Nutzung der Vitamine und Mineralien aus der Nahrung f\u00fchren kann.<br \/>\n<strong>MOS<\/strong> sind nat\u00fcrliche Polysaccharide, die krankheitserregende Bakterien im Darm an der Vermehrung hindern,<br \/>\n<strong>Beta-glucans<\/strong> sind auch nat\u00fcrliche Polysaccharide, die die Immunantwort modulieren.<\/p>\n<p>&nbsp;<\/p>\n<p>Die physiologische (einschlie\u00dflich Immunsystem) und psychische Gesundheit des Pferdes h\u00e4ngt von einem gesunden Darmmikrobiom ab. Equine Gold sollte an jedes Pferd oder Pony verf\u00fcttert werden, bei dem die Darmflora beeintr\u00e4chtigt ist, um einen gesunden Magen-Darm-Trakt (GI) zu unterst\u00fctzen und die Verdauung zu unterst\u00fctzen. Es ist ideal f\u00fcr \u00e4ltere Pferde, schwache Pferde und Pferde und Ponys, die zu jeder Jahreszeit an Kondition verlieren.<\/p>\n","protected":false},"excerpt":{"rendered":"<p>Equine Gold ist ein pr\u00e4- und probiotisches Nahrungserg\u00e4nzungsmittel, das eine lebende Hefe-Saccharomyces-Cerevisiae-Formulierung enth\u00e4lt. Equine Gold Enth\u00e4lt eine ausgewogene Kombination aus Mannanoligosaccharid (MOS) und Beta-Glucanen zur Unterst\u00fctzung der Darmgesundheit.<\/p>\n","protected":false},"featured_media":18623,"comment_status":"closed","ping_status":"closed","template":"","meta":{"_acf_changed":false},"product_brand":[],"product_cat":[251],"product_tag":[327,314,298],"class_list":{"0":"post-18770","1":"product","2":"type-product","3":"status-publish","4":"has-post-thumbnail","6":"product_cat-nicht-kategorisiert","7":"product_tag-geschwure","8":"product_tag-immunsystem-pferd","9":"product_tag-verdauungsgesundheit-pferde","11":"first","12":"instock","13":"taxable","14":"shipping-taxable","15":"product-type-variable"},"acf":[],"_links":{"self":[{"href":"https:\/\/www.nutriscience.ie\/de\/wp-json\/wp\/v2\/product\/18770","targetHints":{"allow":["GET"]}}],"collection":[{"href":"https:\/\/www.nutriscience.ie\/de\/wp-json\/wp\/v2\/product"}],"about":[{"href":"https:\/\/www.nutriscience.ie\/de\/wp-json\/wp\/v2\/types\/product"}],"replies":[{"embeddable":true,"href":"https:\/\/www.nutriscience.ie\/de\/wp-json\/wp\/v2\/comments?post=18770"}],"wp:featuredmedia":[{"embeddable":true,"href":"https:\/\/www.nutriscience.ie\/de\/wp-json\/wp\/v2\/media\/18623"}],"wp:attachment":[{"href":"https:\/\/www.nutriscience.ie\/de\/wp-json\/wp\/v2\/media?parent=18770"}],"wp:term":[{"taxonomy":"product_brand","embeddable":true,"href":"https:\/\/www.nutriscience.ie\/de\/wp-json\/wp\/v2\/product_brand?post=18770"},{"taxonomy":"product_cat","embeddable":true,"href":"https:\/\/www.nutriscience.ie\/de\/wp-json\/wp\/v2\/product_cat?post=18770"},{"taxonomy":"product_tag","embeddable":true,"href":"https:\/\/www.nutriscience.ie\/de\/wp-json\/wp\/v2\/product_tag?post=18770"}],"curies":[{"name":"wp","href":"https:\/\/api.w.org\/{rel}","templated":true}]}}