{"id":18775,"date":"2016-04-12T16:31:13","date_gmt":"2016-04-12T15:31:13","guid":{"rendered":"https:\/\/www.nutriscience.ie\/product\/iron-boost-plus-conditioning-vitamin-mineral-supplement\/"},"modified":"2026-05-05T04:21:12","modified_gmt":"2026-05-05T03:21:12","slug":"iron-boost-plus-conditioning-vitamin-mineral-supplement","status":"publish","type":"product","link":"https:\/\/www.nutriscience.ie\/de\/produkt\/iron-boost-plus-conditioning-vitamin-mineral-supplement\/","title":{"rendered":"Iron Boost Plus Conditioning Vitamin &amp; Mineral Supplement"},"content":{"rendered":"<p>IronBoost Plusist ein Multivitamin-Erg\u00e4nzungsfuttermittel, das entwickelt wurde, um den t\u00e4glichen Bedarf an Vitaminen und Mineralstoffen f\u00fcr ein Pferd zu decken, um maximale Vitalit\u00e4t, Leistung, Gesundheit und Energie zu gew\u00e4hrleisten.<\/p>\n<p>IronBoost Plus hilft, den Bedarf an Vitaminen, Mineralstoffen, Spurenelementen, Aminos\u00e4uren f\u00fcr heranwachsende Jungtauben zu erg\u00e4nzen. IronBoost Plus hilft, eine Erg\u00e4nzung von B-Vitaminen und Eisen bereitzustellen, die zur Unterst\u00fctzung der Synthese roter Blutk\u00f6rperchen ben\u00f6tigt werden. IronBoost Plus liefert die Antioxidantien A, D, E sowie Selen gegen Stress. Es ist auch eine ausgezeichnete Kupferquelle zur Erg\u00e4nzung des t\u00e4glichen Bedarfs.<\/p>\n","protected":false},"excerpt":{"rendered":"<p>IronBoost Plus ist ein Multivitamin-Erg\u00e4nzungsfuttermittel, das entwickelt wurde, um den t\u00e4glichen Bedarf an Vitaminen und Mineralstoffen f\u00fcr ein Pferd zu decken, um maximale Vitalit\u00e4t, Leistung, Gesundheit und Energie zu gew\u00e4hrleisten.<\/p>\n","protected":false},"featured_media":18658,"comment_status":"open","ping_status":"closed","template":"","meta":{"_acf_changed":false},"product_brand":[],"product_cat":[235,242],"product_tag":[314],"class_list":{"0":"post-18775","1":"product","2":"type-product","3":"status-publish","4":"has-post-thumbnail","6":"product_cat-erganzungsmittel-fur-pferde","7":"product_cat-immunsystem","8":"product_tag-immunsystem-pferd","10":"first","11":"instock","12":"sale","13":"taxable","14":"shipping-taxable","15":"purchasable","16":"product-type-variable","17":"has-default-attributes"},"acf":[],"_links":{"self":[{"href":"https:\/\/www.nutriscience.ie\/de\/wp-json\/wp\/v2\/product\/18775","targetHints":{"allow":["GET"]}}],"collection":[{"href":"https:\/\/www.nutriscience.ie\/de\/wp-json\/wp\/v2\/product"}],"about":[{"href":"https:\/\/www.nutriscience.ie\/de\/wp-json\/wp\/v2\/types\/product"}],"replies":[{"embeddable":true,"href":"https:\/\/www.nutriscience.ie\/de\/wp-json\/wp\/v2\/comments?post=18775"}],"wp:featuredmedia":[{"embeddable":true,"href":"https:\/\/www.nutriscience.ie\/de\/wp-json\/wp\/v2\/media\/18658"}],"wp:attachment":[{"href":"https:\/\/www.nutriscience.ie\/de\/wp-json\/wp\/v2\/media?parent=18775"}],"wp:term":[{"taxonomy":"product_brand","embeddable":true,"href":"https:\/\/www.nutriscience.ie\/de\/wp-json\/wp\/v2\/product_brand?post=18775"},{"taxonomy":"product_cat","embeddable":true,"href":"https:\/\/www.nutriscience.ie\/de\/wp-json\/wp\/v2\/product_cat?post=18775"},{"taxonomy":"product_tag","embeddable":true,"href":"https:\/\/www.nutriscience.ie\/de\/wp-json\/wp\/v2\/product_tag?post=18775"}],"curies":[{"name":"wp","href":"https:\/\/api.w.org\/{rel}","templated":true}]}}