{"id":18781,"date":"2016-04-12T15:44:28","date_gmt":"2016-04-12T14:44:28","guid":{"rendered":"https:\/\/www.nutriscience.ie\/product\/msm-100-joint-mobility-and-protection-supplement\/"},"modified":"2026-03-21T22:51:14","modified_gmt":"2026-03-21T22:51:14","slug":"msm-100-joint-mobility-protection-supplement","status":"publish","type":"product","link":"https:\/\/www.nutriscience.ie\/de\/produkt\/msm-100-joint-mobility-protection-supplement\/","title":{"rendered":"MSM 100% Joint Mobility and Protection Supplement"},"content":{"rendered":"<p>MSM 100% Joint Mobility and Protection Supplement ist eine nat\u00fcrlich formulierte Verbindung, die zur Unterst\u00fctzung der Behandlung von Schl\u00e4gen und Beulen verwendet wird. Es ist auch eine ausgezeichnete Schwefelquelle f\u00fcr den K\u00f6rper.<\/p>\n<p>MSM 100% Hilft, St\u00f6\u00dfe und St\u00f6\u00dfe zu lindern und stellt die normale Beweglichkeit der Gelenke wieder her. Methylsulfonylmethane (MSM),der Hauptbestandteil von MSM 100%, wird seit Jahren von Tier\u00e4rzten verwendet und empfohlen. MSM, ein Metabolit von DMSO kann bei der Bildung von Disulfidbindungen in der Haut und im Bindegewebe (B\u00e4nder, Schleimh\u00e4ute etc.) als aktive Komponente in Radikalf\u00e4nger-Enzymen verwendet werden.<br \/>\nMSM hilft beim Aufbau von Querbr\u00fccken\/Verbindungen zwischen Kollagenmolek\u00fclen. Diese erh\u00f6hen die Zugfestigkeit von kollagenreichen Geweben.<\/p>\n<p>MSM 100% Joint Mobility and Protection Supplement kann helfen, Erholungszeiten zwischen intensiven \u00dcbungen zu verk\u00fcrzen.<\/p>\n","protected":false},"excerpt":{"rendered":"<p><strong>MSM 100%<\/strong> from NutriScience<br \/>\n\u2013 Zur Verbesserung der Gelenkbeweglichkeit und des Gelenkschutzes.<\/p>\n","protected":false},"featured_media":18628,"comment_status":"open","ping_status":"closed","template":"","meta":{"_acf_changed":false},"product_brand":[],"product_cat":[235,236],"product_tag":[291],"class_list":{"0":"post-18781","1":"product","2":"type-product","3":"status-publish","4":"has-post-thumbnail","6":"product_cat-erganzungsmittel-fur-pferde","7":"product_cat-knochen-gelenke-mobilitat","8":"product_tag-knochen-gelenke-mobilitat-pferd","10":"first","11":"instock","12":"taxable","13":"shipping-taxable","14":"purchasable","15":"product-type-variable"},"acf":[],"_links":{"self":[{"href":"https:\/\/www.nutriscience.ie\/de\/wp-json\/wp\/v2\/product\/18781","targetHints":{"allow":["GET"]}}],"collection":[{"href":"https:\/\/www.nutriscience.ie\/de\/wp-json\/wp\/v2\/product"}],"about":[{"href":"https:\/\/www.nutriscience.ie\/de\/wp-json\/wp\/v2\/types\/product"}],"replies":[{"embeddable":true,"href":"https:\/\/www.nutriscience.ie\/de\/wp-json\/wp\/v2\/comments?post=18781"}],"wp:featuredmedia":[{"embeddable":true,"href":"https:\/\/www.nutriscience.ie\/de\/wp-json\/wp\/v2\/media\/18628"}],"wp:attachment":[{"href":"https:\/\/www.nutriscience.ie\/de\/wp-json\/wp\/v2\/media?parent=18781"}],"wp:term":[{"taxonomy":"product_brand","embeddable":true,"href":"https:\/\/www.nutriscience.ie\/de\/wp-json\/wp\/v2\/product_brand?post=18781"},{"taxonomy":"product_cat","embeddable":true,"href":"https:\/\/www.nutriscience.ie\/de\/wp-json\/wp\/v2\/product_cat?post=18781"},{"taxonomy":"product_tag","embeddable":true,"href":"https:\/\/www.nutriscience.ie\/de\/wp-json\/wp\/v2\/product_tag?post=18781"}],"curies":[{"name":"wp","href":"https:\/\/api.w.org\/{rel}","templated":true}]}}