{"id":18887,"date":"2020-05-27T13:52:50","date_gmt":"2020-05-27T12:52:50","guid":{"rendered":"https:\/\/www.nutriscience.ie\/product\/farriers-choice-hoof-supplement-draft\/"},"modified":"2026-05-05T04:21:06","modified_gmt":"2026-05-05T03:21:06","slug":"farriers-choice-hoof-supplement-draft","status":"publish","type":"product","link":"https:\/\/www.nutriscience.ie\/de\/produkt\/farriers-choice-hoof-supplement-draft\/","title":{"rendered":"Farriers Choice Huf-Erg\u00e4nzung"},"content":{"rendered":"<p>Farriers Choice ist ein Nahrungserg\u00e4nzungsmittel in Pulverform zur Unterst\u00fctzung st\u00e4rkerer und ges\u00fcnderer Hufe. Farriers Choice erh\u00e4lt die Hufqualit\u00e4t, indem es gutes Wachstum unterst\u00fctzt und durch seine einzigartige Wirkstoffkombination zu starkem, widerstandsf\u00e4higem, hartem Hufhorn beitr\u00e4gt.<\/p>\n<p><strong>Biotin<\/strong> ist in hoher Konzentration enthalten, da es eine Reihe klinischer Studien gibt, die eine Verbesserung der Hufqualit\u00e4t und des Zustands sowie der Wachstumsrate durch die Langzeitf\u00fctterung von Biotin bei Pferden mit Hufhornproblemen zeigen <em>(Comben et al., 1984; Buffa et al., 1992; Geyer &amp; Schulze, 1994; Josseck et al., 1995; Zenker et al., 1995; Reilly et al., 1998)<\/em>. Biotin muss bei Pferden, die zu Hufproblemen neigen, kontinuierlich gef\u00fcttert werden.<\/p>\n<p><strong>Zinc<\/strong> und <strong>Copper<\/strong> sind essentielle Mikromineralien, die der Schl\u00fcssel f\u00fcr gesundes Hufhorn sind und im Futter fehlen. Eine Zinkerg\u00e4nzung ist sinnvoll, da Hufhorn- und Wei\u00dflinienkrankheiten von geringer Qualit\u00e4t mit einer suboptimalen Zinkzufuhr in Verbindung gebracht werden k\u00f6nnen <em>(Coenen &amp; Spitzlei, 1997; Hihami, 1999)<\/em>.<\/p>\n<p><strong>Seaweed<\/strong> ist eine traditionelle Erg\u00e4nzung f\u00fcr gesunde Hufe. Algen sind reich an Jod, das dem nat\u00fcrlichen Futtermangel entgegenwirkt. Jodmangel in der Nahrung f\u00fchrt zu grobem, trockenem, keratinisiertem Gewebe (<em>Safer, 2011<\/em>), was sich auf Haare, Haut und Hufe auswirkt.<\/p>\n<p><strong>MSM<\/strong> und <strong>Methionine<\/strong> sind reichhaltige Schwefelquellen, die ein integraler Bestandteil des Hufproteins Keratin sind, sodass eine Supplementierung die intrinsische Zugfestigkeit des Hufhorns verbessern kann.<\/p>\n<p>Die einzigartige Formulierung von Farriers Choice f\u00f6rdert das Hufwachstum, verbessert die Bindung innerhalb der Hufwand und tr\u00e4gt zur Belastbarkeit und H\u00e4rte des Hufhorns bei. Es ist ideal f\u00fcr Pferde, die zu Rissen, Spalten und Br\u00fcchen des Hufhorns neigen, bei denen langsames Wachstum ein Problem darstellt, und f\u00fcr Pferde mit spr\u00f6den oder weichen Hufw\u00e4nden.<\/p>\n","protected":false},"excerpt":{"rendered":"<p>Farriers Choice ist ein Hufzusatz mit einer einzigartigen Kombination aus Biotin, der Alge Ascophyllum nodosum und essentiellen Mikromineralien. Farriers Choice erh\u00e4lt die Hufqualit\u00e4t, indem es ein gutes Wachstum unterst\u00fctzt und zu einem starken, widerstandsf\u00e4higen, harten Hufhorn beitr\u00e4gt.<\/p>\n","protected":false},"featured_media":18693,"comment_status":"open","ping_status":"closed","template":"","meta":{"_acf_changed":false},"product_brand":[],"product_cat":[246,235,241,236],"product_tag":[291],"class_list":{"0":"post-18887","1":"product","2":"type-product","3":"status-publish","4":"has-post-thumbnail","6":"product_cat-ausgewahlte-produkte","7":"product_cat-erganzungsmittel-fur-pferde","8":"product_cat-hufgesundheit","9":"product_cat-knochen-gelenke-mobilitat","10":"product_tag-knochen-gelenke-mobilitat-pferd","12":"first","13":"outofstock","14":"sale","15":"taxable","16":"shipping-taxable","17":"purchasable","18":"product-type-simple"},"acf":[],"_links":{"self":[{"href":"https:\/\/www.nutriscience.ie\/de\/wp-json\/wp\/v2\/product\/18887","targetHints":{"allow":["GET"]}}],"collection":[{"href":"https:\/\/www.nutriscience.ie\/de\/wp-json\/wp\/v2\/product"}],"about":[{"href":"https:\/\/www.nutriscience.ie\/de\/wp-json\/wp\/v2\/types\/product"}],"replies":[{"embeddable":true,"href":"https:\/\/www.nutriscience.ie\/de\/wp-json\/wp\/v2\/comments?post=18887"}],"wp:featuredmedia":[{"embeddable":true,"href":"https:\/\/www.nutriscience.ie\/de\/wp-json\/wp\/v2\/media\/18693"}],"wp:attachment":[{"href":"https:\/\/www.nutriscience.ie\/de\/wp-json\/wp\/v2\/media?parent=18887"}],"wp:term":[{"taxonomy":"product_brand","embeddable":true,"href":"https:\/\/www.nutriscience.ie\/de\/wp-json\/wp\/v2\/product_brand?post=18887"},{"taxonomy":"product_cat","embeddable":true,"href":"https:\/\/www.nutriscience.ie\/de\/wp-json\/wp\/v2\/product_cat?post=18887"},{"taxonomy":"product_tag","embeddable":true,"href":"https:\/\/www.nutriscience.ie\/de\/wp-json\/wp\/v2\/product_tag?post=18887"}],"curies":[{"name":"wp","href":"https:\/\/api.w.org\/{rel}","templated":true}]}}